{"id":6286,"date":"2018-05-17T16:40:18","date_gmt":"2018-05-17T14:40:18","guid":{"rendered":"https:\/\/www.comicecke.de\/?page_id=6286"},"modified":"2018-05-17T17:55:04","modified_gmt":"2018-05-17T15:55:04","slug":"datenschutz","status":"publish","type":"page","link":"https:\/\/www.sammlerecke.de\/comicecke\/datenschutz\/","title":{"rendered":"Datenschutz"},"content":{"rendered":"<h3><span style=\"font-family: verdana, geneva; font-size: small;\">Erkl\u00e4rung zum Datenschutz<\/span><\/h3>\n<p><span style=\"font-family: verdana, geneva; font-size: small;\">Wir, die&nbsp;<em><strong><br \/>\n<\/strong><\/em><\/span><\/p>\n<p><span style=\"font-family: verdana, geneva; font-size: small;\"><strong>Sammlerecke<br \/>\nComics und Romane<\/strong><\/span><\/p>\n<p>Daimlerstr. 8<br \/>\n73734 Esslingen<br \/>\nDeutschland<br \/>\nTelefon: 07 11 &#8211; 31 54 84 0<br \/>\n<a href=\"mailto:info@sammlerecke.de\" target=\"_blank\" rel=\"noopener\">info@sammlerecke<\/a><br \/>\n<a href=\"https:\/\/www.sammlerecke.de\" target=\"_blank\" rel=\"noopener\">https:\/\/www.sammlerecke.de<\/a><\/p>\n<p><span style=\"font-family: verdana, geneva; font-size: small;\">nehmen den Schutz Ihrer pers\u00f6nlichen Daten sehr ernst und halten uns strikt an die Regeln der deutschen Datenschutzgesetze.<\/span><\/p>\n<p><span style=\"font-family: verdana, geneva; font-size: small;\">F\u00fcr den Schutz Ihrer Daten verantwortlich ist der Inhaber der Sammlerecke, Herr Frieder Maier.<\/span><\/p>\n<p><span style=\"font-family: verdana, geneva; font-size: small;\">Informationen, die wir von Ihnen erhalten, nutzen wir f\u00fcr die Abwicklung von Bestellungen, die Lieferung von Waren und die Abwicklung des Zahlungsverkehrs.&nbsp;<\/span><br \/>\n<span style=\"font-family: verdana, geneva; font-size: small;\">Wir verwenden Ihre Informationen, um mit Ihnen \u00fcber Bestellungen, Produkte und Angebote zu kommunizieren, sowie unsere Datens\u00e4tze aktuell zu halten.<\/span><\/p>\n<p><span style=\"font-family: verdana, geneva; font-size: small;\">Wir erfassen Ihre Informationen auch, um Dritten die Durchf\u00fchrung logistischer oder anderer Dienstleistungen in unserem Auftrag zu erm\u00f6glichen.<\/span><\/p>\n<p><span style=\"font-family: verdana, geneva; font-size: small;\">Ihre Daten sind bei uns sicher und werden keinesfalls an Aussenstehende weitergegeben oder gar verkauft. Sie k\u00f6nnen der<\/span><br \/>\n<span style=\"font-family: verdana, geneva; font-size: small;\">Speicherung Ihrer Kontaktdaten jederzeit widersprechen. Kontaktm\u00f6glichkeit siehe oben.<\/span><\/p>\n<p><span style=\"font-family: verdana, geneva; font-size: small;\"><strong>Informationen, die wir erfassen<\/strong><\/span><\/p>\n<p><span style=\"font-family: verdana, geneva; font-size: small;\">&#8211; Informationen, die Sie uns geben: Wir erfassen und speichern alle Informationen, die Sie auf unserer Website eingeben oder uns in anderer Weise \u00fcbermitteln. Wir nutzen diese Informationen, um Ihre Bestellung zu erfassen und auszuf\u00fchren, Abonnements zu verwalten, sowie mit Ihnen zu kommunizieren.<\/span><\/p>\n<p><span style=\"font-family: verdana, geneva; font-size: small;\">&#8211; Automatische Informationen: Sobald Sie die Seiten der Domain sammlerecke.de aufrufen, werden Informationen in den Server-Logfiles gespeichert, die Ihr Browser an uns \u00fcbermittelt. Dies sind: Browsertyp und Version, Referrer URL (die zuvor besuchte Seite) sowie die Uhrzeit der Serveranfrage.<\/span><\/p>\n<p><span style=\"font-family: verdana, geneva; font-size: small;\">Diese Daten sind f\u00fcr die Fa. Sammlerecke Comics &amp; Romane nicht bestimmten Personen zuordenbar. Eine Zusammenf\u00fchrung dieser Daten mit anderen Datenquellen erfolgt nicht.<\/span><\/p>\n<p><span style=\"font-family: verdana, geneva; font-size: small;\"><strong>Cookies<\/strong><\/span><\/p>\n<p><span style=\"font-family: verdana, geneva; font-size: small;\">Wir verwenden auf unserer Seite sog. Cookies zum Wiedererkennen mehrfacher Nutzung unseres Angebots, durch denselben Nutzer\/Internetanschlussinhaber. Cookies sind kleine Textdateien, die Ihr Internet-Browser auf Ihrem Rechner ablegt und speichert. Sie dienen dazu, unseren Internetauftritt und unsere Angebote zu optimieren. Es handelt sich dabei zumeist um sog. &#8222;Session-Cookies&#8220;, die nach dem Ende Ihres Besuches wieder gel\u00f6scht werden.<\/span><\/p>\n<p><span style=\"font-family: verdana, geneva; font-size: small;\">Teilweise geben diese Cookies jedoch Informationen ab, um Sie automatisch wieder zu erkennen. Diese Wiedererkennung erfolgt aufgrund der in den Cookies gespeicherten IP-Adresse. Die so erlangten Informationen dienen dazu, unsere Angebote zu optimieren und Ihnen einen leichteren Zugang auf unsere Seite zu erm\u00f6glichen.<\/span><br \/>\n<span style=\"font-family: verdana, geneva; font-size: small;\">Sie k\u00f6nnen die Installation der Cookies durch eine entsprechende Einstellung Ihres Browsers verhindern; wir weisen Sie jedoch darauf hin, dass Sie in diesem Fall gegebenenfalls nicht s\u00e4mtliche Funktionen unserer Website vollumf\u00e4nglich nutzen k\u00f6nnen.<\/span><br \/>\n<span style=\"font-family: verdana, geneva; font-size: small;\">(Quelle: Muster-Datenschutzerkl\u00e4rung der Anwaltskanzlei Wei\u00df &amp; Partner)<\/span><\/p>\n<p><span style=\"font-family: verdana, geneva; font-size: small;\"><strong>Weitergabe erhaltener Informationen<\/strong><\/span><\/p>\n<p><span style=\"font-family: verdana, geneva; font-size: small;\">Wir geben die Informationen, die wir erhalten, an Dienstleister weiter, die wir zur Erf\u00fcllung von Aufgaben f\u00fcr uns betrauen.&nbsp;<\/span><br \/>\n<span style=\"font-family: verdana, geneva; font-size: small;\">Beispiele sind Fracht- und Briefverkehr, die Abwicklung von Zahlungen (Lastschriftverfahren und Rechnungskauf) sowie die Versendung unseres Versandkataloges.<\/span><\/p>\n<p><span style=\"font-family: verdana, geneva; font-size: small;\">Die beauftragten Dienstleister haben Zugang zu pers\u00f6nlichen Informationen, die zur Erf\u00fcllung ihrer Aufgaben ben\u00f6tigt werden. Sie d\u00fcrfen diese jedoch nicht zu anderen Zwecken verwenden.<\/span><\/p>\n<p><span style=\"font-family: verdana, geneva; font-size: small;\">Dar\u00fcber hinaus sind die beauftragten Dienstleister verpflichtet, die Informationen gem\u00e4\u00df den deutschen Datenschutzgesetzen zu behandeln.<\/span><\/p>\n<p><span style=\"font-family: verdana, geneva; font-size: small;\"><strong>Newsletter<\/strong><\/span><\/p>\n<p><span style=\"font-family: verdana, geneva; font-size: small;\">Wenn Sie den auf der Webseite angebotenen Newsletter empfangen m\u00f6chten, ben\u00f6tigen wir von Ihnen eine g\u00fcltige Email-Adresse. Weitere Daten werden nicht erhoben.<\/span><\/p>\n<p><span style=\"font-family: verdana, geneva; font-size: small;\">Ihre Einwilligung zur Speicherung der Email-Adresse sowie deren Nutzung zum Versand des Newsletters k\u00f6nnen Sie jederzeit widerrufen.<\/span><\/p>\n<p><span style=\"font-family: verdana, geneva; font-size: small;\"><strong>Datenschutzerkl\u00e4rung f\u00fcr die Nutzung von Facebook-Plugins (Like-Button)<\/strong><\/span><\/p>\n<p><span style=\"font-family: verdana, geneva; font-size: small;\">Auf unseren Seiten sind Plugins des sozialen Netzwerks Facebook, 1601 South California Avenue, Palo Alto, CA 94304, USA integriert. Die Facebook-Plugins erkennen Sie an dem Facebook-Logo oder dem &#8222;Like-Button&#8220; (&#8222;Gef\u00e4llt mir&#8220;) auf unserer Seite. Eine \u00dcbersicht<\/span><br \/>\n<span style=\"font-family: verdana, geneva; font-size: small;\">\u00fcber die Facebook-Plugins finden Sie hier:<\/span><br \/>\n<span style=\"font-family: verdana, geneva; font-size: small;\"><a href=\"http:\/\/developers.facebook.com\/docs\/plugins\/\" target=\"_blank\" rel=\"noopener\">http:\/\/developers.facebook.com\/docs\/plugins\/<\/a><\/span><\/p>\n<p><span style=\"font-family: verdana, geneva; font-size: small;\">Wenn Sie unsere Seiten besuchen, wird \u00fcber das Plugin eine direkte Verbindung zwischen Ihrem Browser und dem Facebook-Server hergestellt. Facebook erh\u00e4lt dadurch die Information, dass Sie mit Ihrer IP-Adresse unsere Seite besucht haben. Wenn Sie den Facebook &#8222;Like-Button&#8220; anklicken w\u00e4hrend Sie in Ihrem Facebook-Account eingeloggt sind, k\u00f6nnen Sie die Inhalte unserer Seiten auf Ihrem Facebook-Profil verlinken. Dadurch kann<\/span><br \/>\n<span style=\"font-family: verdana, geneva; font-size: small;\">Facebook den Besuch unserer Seiten Ihrem Benutzerkonto zuordnen.<\/span><\/p>\n<p><span style=\"font-family: verdana, geneva; font-size: small;\">Wir weisen darauf hin, dass wir als Anbieter der Seiten keine Kenntnis vom Inhalt der \u00fcbermittelten Daten sowie deren Nutzung durch Facebook erhalten. Weitere Informationen hierzu finden Sie in der Datenschutzerkl\u00e4rung von facebook unter&nbsp;<\/span><br \/>\n<span style=\"font-family: verdana, geneva; font-size: small;\"><a href=\"http:\/\/de-de.facebook.com\/policy.php\" target=\"_blank\" rel=\"noopener\">http:\/\/de-de.facebook.com\/policy.php<\/a><\/span><\/p>\n<p><span style=\"font-family: verdana, geneva; font-size: small;\">Wenn Sie nicht w\u00fcnschen, dass Facebook den Besuch unserer Seiten Ihrem<\/span><br \/>\n<span style=\"font-family: verdana, geneva; font-size: small;\">Facebook-Nutzerkonto zuordnen kann, loggen Sie sich bitte aus Ihrem<\/span><br \/>\n<span style=\"font-family: verdana, geneva; font-size: small;\">Facebook-Benutzerkonto aus.<\/span><\/p>\n<p><span style=\"font-family: verdana, geneva; font-size: small;\"><strong>Datenschutzerkl\u00e4rung f\u00fcr den Webanalysedienst Google Analytics<\/strong><\/span><\/p>\n<p><span style=\"font-family: verdana, geneva; font-size: small;\">Diese Website benutzt Google Analytics, einen Webanalysedienst der Google Inc. (\u201cGoogle\u201d). Google Analytics verwendet sog. \u201cCookies\u201d, Textdateien, die auf Ihrem Computer gespeichert werden und die eine Analyse der Benutzung der Website durch Sie erm\u00f6glichen. Die durch den Cookie erzeugten Informationen \u00fcber Ihre Benutzung dieser Website werden in der Regel an einen Server von Google in den USA \u00fcbertragen und dort gespeichert. Wir haben die IP-Anonymisierung aktiviert. Auf dieser Webseite wird Ihre IP-Adresse von Google daher innerhalb von Mitgliedstaaten der Europ\u00e4ischen Union oder in anderen Vertragsstaaten des Abkommens \u00fcber den Europ\u00e4ischen Wirtschaftsraum zuvor gek\u00fcrzt. Nur in Ausnahmef\u00e4llen wird die volle IP-Adresse an einen Server von Google in den USA \u00fcbertragen und dort gek\u00fcrzt. Im Auftrag des Betreibers dieser Website wird Google diese Informationen benutzen, um Ihre Nutzung der Website auszuwerten, um Reports \u00fcber die Websiteaktivit\u00e4ten zusammenzustellen und um weitere mit der Websitenutzung und der Internetnutzung verbundene Dienstleistungen gegen\u00fcber dem Websitebetreiber zu erbringen. Die im Rahmen von Google Analytics von Ihrem Browser \u00fcbermittelte IP-Adresse wird nicht mit anderen Daten von Google zusammengef\u00fchrt. Sie k\u00f6nnen die Speicherung der Cookies durch eine entsprechende Einstellung Ihrer Browser-Software verhindern; wir weisen Sie jedoch darauf hin, dass Sie in diesem Fall gegebenenfalls nicht s\u00e4mtliche Funktionen dieser Website vollumf\u00e4nglich werden nutzen k\u00f6nnen. Sie k\u00f6nnen dar\u00fcber hinaus die Erfassung der durch das Cookie erzeugten und auf Ihre Nutzung der Website bezogenen Daten (inkl. Ihrer IP-Adresse) an Google sowie die Verarbeitung dieser Daten durch Google verhindern, indem sie das unter dem folgenden Link verf\u00fcgbare Browser-Plugin herunterladen und installieren:&nbsp;<a href=\"http:\/\/tools.google.com\/dlpage\/gaoptout?hl=de\" target=\"_blank\" rel=\"noopener\">http:\/\/tools.google.com\/dlpage\/gaoptout?hl=de<\/a><\/span><\/p>\n<p><span style=\"font-family: verdana, geneva; font-size: small;\"><strong>Einsatz von Google Remarketing<\/strong><\/span><\/p>\n<p><span style=\"font-family: verdana, geneva; font-size: small;\">Wir setzen auf unserer Website den Dienst Google Remarketing der Firma Google Inc., 1600 Amphitheatre Parkway, Mountain View, CA 94043 USA, nachfolgend \u201eGoogle\u201c ein. Mit Google-Remarketing k\u00f6nnen Anzeigen f\u00fcr Nutzer geschaltet werden, die unsere Webseite in der Vergangenheit bereits besucht haben. Innerhalb des Google-Werbenetzwerks k\u00f6nnen hierdurch an ihre Interessen angepasste Werbeanzeigen auf unserer Seite dargestellt werden. Google-Remarketing verwendet f\u00fcr diese Auswertung Cookies. Cookies sind kleine Textdateien, die auf Ihrem Computer gespeichert werden und die eine Analyse der Benutzung der Webseite erm\u00f6glicht. Hierdurch wird es erm\u00f6glicht, unsere Besucher wiederzuerkennen, sobald diese Webseiten innerhalb des Werbenetzwerks von Google aufrufen. Auf diese Weise k\u00f6nnen innerhalb des Werbenetzwerks von Google Werbeanzeigen pr\u00e4sentiert werden, die auf Inhalte bezogen sind, die der Besucher zuvor auf Webseiten des Werbenetzwerks von Google aufgerufen hat, die ebenfalls die Remarketing Funktion von Google verwenden. Google erhebt hierbei nach eigenen Angaben keine personenbezogenen Daten. Sie k\u00f6nnen diese Funktion deaktivieren, wenn Sie unter http:\/\/www.google.com\/settings\/ads die entsprechenden Einstellungen vornehmen.&nbsp;<\/span><br \/>\n<span style=\"font-family: verdana, geneva; font-size: small;\">(Quelle: Muster-Datenschutzerkl\u00e4rung der Anwaltskanzlei Wei\u00df &amp; Partner )<\/span><\/p>\n<p><strong><span style=\"font-family: verdana, geneva; font-size: small;\">Allgemeines zur Datenverarbeitung<\/span><\/strong><\/p>\n<p><span style=\"font-family: verdana, geneva; font-size: small;\">1. Umfang der Verarbeitung personenbezogener Daten<\/span><\/p>\n<p><span style=\"font-family: verdana, geneva; font-size: small;\">Wir verarbeiten personenbezogene Daten unserer Nutzer grunds\u00e4tzlich nur, soweit dies zur Bereitstellung einer funktionsf\u00e4higen Website sowie unserer Inhalte und Leistungen erforderlich ist. Die Verarbeitung personenbezogener Daten unserer Nutzer erfolgt regelm\u00e4\u00dfig nur nach Einwilligung des Nutzers. Eine Ausnahme gilt in solchen F\u00e4llen, in denen eine vorherige Einholung einer Einwilligung aus tats\u00e4chlichen Gr\u00fcnden nicht m\u00f6glich ist und die Verarbeitung der Daten durch gesetzliche Vorschriften gestattet ist.<\/span><\/p>\n<p><span style=\"font-family: verdana, geneva; font-size: small;\">2. Rechtsgrundlage f\u00fcr die Verarbeitung personenbezogener Daten<\/span><\/p>\n<p><span style=\"font-family: verdana, geneva; font-size: small;\">Soweit wir f\u00fcr Verarbeitungsvorg\u00e4nge personenbezogener Daten eine Einwilligung der betroffenen Person einholen, dient Art.&nbsp;6 Abs.&nbsp;1 lit.&nbsp;a EU-Datenschutzgrundverordnung (DSGVO) als Rechtsgrundlage.<\/span><br \/>\n<span style=\"font-family: verdana, geneva; font-size: small;\">Bei der Verarbeitung von personenbezogenen Daten, die zur Erf\u00fcllung eines Vertrages, dessen Vertragspartei die betroffene Person ist, erforderlich ist, dient Art.&nbsp;6 Abs.&nbsp;1 lit.&nbsp;b DSGVO als Rechtsgrundlage. Dies gilt auch f\u00fcr Verarbeitungsvorg\u00e4nge, die zur Durchf\u00fchrung vorvertraglicher Ma\u00dfnahmen erforderlich sind.<\/span><br \/>\n<span style=\"font-family: verdana, geneva; font-size: small;\">Soweit eine Verarbeitung personenbezogener Daten zur Erf\u00fcllung einer rechtlichen Verpflichtung erforderlich ist, der unser Unternehmen unterliegt, dient Art.&nbsp;6 Abs.&nbsp;1 lit.&nbsp;c DSGVO als Rechtsgrundlage.<\/span><br \/>\n<span style=\"font-family: verdana, geneva; font-size: small;\">F\u00fcr den Fall, dass lebenswichtige Interessen der betroffenen Person oder einer anderen nat\u00fcrlichen Person eine Verarbeitung personenbezogener Daten erforderlich machen, dient Art.&nbsp;6 Abs.&nbsp;1 lit.&nbsp;d DSGVO als Rechtsgrundlage.<\/span><br \/>\n<span style=\"font-family: verdana, geneva; font-size: small;\">Ist die Verarbeitung zur Wahrung eines berechtigten Interesses unseres Unternehmens oder eines Dritten erforderlich und \u00fcberwiegen die Interessen, Grundrechte und Grundfreiheiten des Betroffenen das erstgenannte Interesse nicht, so dient Art.&nbsp;6 Abs.&nbsp;1 lit.&nbsp;f DSGVO als Rechtsgrundlage f\u00fcr die Verarbeitung.<\/span><\/p>\n<p><span style=\"font-family: verdana, geneva; font-size: small;\">3. Datenl\u00f6schung und Speicherdauer<\/span><\/p>\n<p><span style=\"font-family: verdana, geneva; font-size: small;\">Die personenbezogenen Daten der betroffenen Person werden gel\u00f6scht oder gesperrt, sobald der Zweck der Speicherung entf\u00e4llt. Eine Speicherung kann dar\u00fcber hinaus erfolgen, wenn dies durch den europ\u00e4ischen oder nationalen Gesetzgeber in unionsrechtlichen Verordnungen, Gesetzen oder sonstigen Vorschriften, denen der Verantwortliche unterliegt, vorgesehen wurde. Eine Sperrung oder L\u00f6schung der Daten erfolgt auch dann, wenn eine durch die genannten Normen vorgeschriebene Speicherfrist abl\u00e4uft, es sei denn, dass eine Erforderlichkeit zur weiteren Speicherung der Daten f\u00fcr einen Vertragsabschluss oder eine Vertragserf\u00fcllung besteht.<\/span><\/p>\n","protected":false},"excerpt":{"rendered":"<p>Erkl\u00e4rung zum Datenschutz Wir, die&nbsp; Sammlerecke Comics und Romane Daimlerstr. 8 73734 Esslingen Deutschland Telefon: 07 11 &#8211; 31 54 84 0 info@sammlerecke https:\/\/www.sammlerecke.de nehmen den Schutz Ihrer pers\u00f6nlichen Daten sehr ernst und halten uns strikt an die Regeln der deutschen Datenschutzgesetze. F\u00fcr den Schutz Ihrer Daten verantwortlich ist der Inhaber der Sammlerecke, Herr Frieder [&hellip;]<\/p>\n","protected":false},"author":5,"featured_media":0,"parent":0,"menu_order":0,"comment_status":"closed","ping_status":"closed","template":"","meta":{"_exactmetrics_skip_tracking":false,"_exactmetrics_sitenote_active":false,"_exactmetrics_sitenote_note":"","_exactmetrics_sitenote_category":0,"ngg_post_thumbnail":0,"jetpack_post_was_ever_published":false,"footnotes":""},"class_list":["post-6286","page","type-page","status-publish","hentry"],"jetpack_sharing_enabled":true,"jetpack_shortlink":"https:\/\/wp.me\/P8sdgG-1Do","jetpack-related-posts":[],"jetpack_likes_enabled":true,"_links":{"self":[{"href":"https:\/\/www.sammlerecke.de\/comicecke\/wp-json\/wp\/v2\/pages\/6286","targetHints":{"allow":["GET"]}}],"collection":[{"href":"https:\/\/www.sammlerecke.de\/comicecke\/wp-json\/wp\/v2\/pages"}],"about":[{"href":"https:\/\/www.sammlerecke.de\/comicecke\/wp-json\/wp\/v2\/types\/page"}],"author":[{"embeddable":true,"href":"https:\/\/www.sammlerecke.de\/comicecke\/wp-json\/wp\/v2\/users\/5"}],"replies":[{"embeddable":true,"href":"https:\/\/www.sammlerecke.de\/comicecke\/wp-json\/wp\/v2\/comments?post=6286"}],"version-history":[{"count":2,"href":"https:\/\/www.sammlerecke.de\/comicecke\/wp-json\/wp\/v2\/pages\/6286\/revisions"}],"predecessor-version":[{"id":6292,"href":"https:\/\/www.sammlerecke.de\/comicecke\/wp-json\/wp\/v2\/pages\/6286\/revisions\/6292"}],"wp:attachment":[{"href":"https:\/\/www.sammlerecke.de\/comicecke\/wp-json\/wp\/v2\/media?parent=6286"}],"curies":[{"name":"wp","href":"https:\/\/api.w.org\/{rel}","templated":true}]}}